{"id":654,"date":"2023-07-04T11:21:26","date_gmt":"2023-07-04T11:21:26","guid":{"rendered":"https:\/\/charliehelpt.nl\/dom\/"},"modified":"2023-10-31T12:26:54","modified_gmt":"2023-10-31T12:26:54","slug":"dom","status":"publish","type":"page","link":"https:\/\/charliehelpt.nl\/pl\/","title":{"rendered":"Dom"},"content":{"rendered":"\t\t<div data-elementor-type=\"wp-page\" data-elementor-id=\"654\" class=\"elementor elementor-654 elementor-21\" data-elementor-post-type=\"page\">\n\t\t\t\t<div class=\"elementor-element elementor-element-3c7b3b0 e-flex e-con-boxed e-con e-parent\" data-id=\"3c7b3b0\" data-element_type=\"container\" data-e-type=\"container\" data-settings=\"{&quot;background_background&quot;:&quot;classic&quot;}\">\n\t\t\t\t\t<div class=\"e-con-inner\">\n\t\t\t\t<div class=\"elementor-element elementor-element-6a6e284 elementor-widget elementor-widget-text-editor\" data-id=\"6a6e284\" data-element_type=\"widget\" data-e-type=\"widget\" data-widget_type=\"text-editor.default\">\n\t\t\t\t<div class=\"elementor-widget-container\">\n\t\t\t\t\t\t\t\t\t<p>Cze\u015b\u0107! Mam na imi\u0119 Charlie. Mo\u017cesz si\u0119 ze mn\u0105 kontaktowa\u0107, je\u015bli masz jakiekolwiek pytania. Mog\u0105 one dotyczy\u0107 przyjemnego \u017cycia, mieszkania i wychowywania dzieci w Oud-Reeshof w Tilburgu.<\/p>\n<p>Dla Ciebie i Twojego dziecka. Pomog\u0119 Ci pozna\u0107 osoby, organizacje i stowarzyszenia z naszej dzielnicy. Wiem na przyk\u0142ad, gdzie Twoje dziecko mo\u017ce si\u0119 bawi\u0107 i korzysta\u0107 z r\u00f3\u017cnych aktywno\u015bci, a tak\u017ce gdzie mo\u017cesz spotka\u0107 innych rodzic\u00f3w i opiekun\u00f3w, aby wymienia\u0107 si\u0119 z nimi do\u015bwiadczeniami. Opowiem Ci wszystko o opiece przedszkolnej i nauce w szkole podstawowej. Oraz o bezpiecznym i zdrowym \u017cyciu.<\/p>\n\t\t\t\t\t\t\t\t<\/div>\n\t\t\t\t<\/div>\n\t\t\t\t<div class=\"elementor-element elementor-element-88a4b28 elementor-widget elementor-widget-text-editor\" data-id=\"88a4b28\" data-element_type=\"widget\" data-e-type=\"widget\" data-widget_type=\"text-editor.default\">\n\t\t\t\t<div class=\"elementor-widget-container\">\n\t\t\t\t\t\t\t\t\t<p>Super, \u017ce mieszkasz w Oud-Reeshof! Chcesz dowiedzie\u0107 si\u0119, jakie dzia\u0142aj\u0105 tu osoby, organizacje i stowarzyszenia oraz gdzie je znale\u017a\u0107?<\/p>\n\t\t\t\t\t\t\t\t<\/div>\n\t\t\t\t<\/div>\n\t\t\t\t<div class=\"elementor-element elementor-element-9d023e0 elementor-mobile-align-left elementor-widget elementor-widget-button\" data-id=\"9d023e0\" data-element_type=\"widget\" data-e-type=\"widget\" data-widget_type=\"button.default\">\n\t\t\t\t<div class=\"elementor-widget-container\">\n\t\t\t\t\t\t\t\t\t<div class=\"elementor-button-wrapper\">\n\t\t\t\t\t<a class=\"elementor-button elementor-button-link elementor-size-sm elementor-animation-push\" href=\"https:\/\/charliehelpt.nl\/pl\/wprowadzenie\/\">\n\t\t\t\t\t\t<span class=\"elementor-button-content-wrapper\">\n\t\t\t\t\t\t\t\t\t<span class=\"elementor-button-text\">Pomog\u0119 Ci w tym<\/span>\n\t\t\t\t\t<\/span>\n\t\t\t\t\t<\/a>\n\t\t\t\t<\/div>\n\t\t\t\t\t\t\t\t<\/div>\n\t\t\t\t<\/div>\n\t\t\t\t<div class=\"elementor-element elementor-element-19558cd elementor-widget-divider--separator-type-pattern elementor-widget-divider--view-line elementor-widget elementor-widget-divider\" data-id=\"19558cd\" data-element_type=\"widget\" data-e-type=\"widget\" data-widget_type=\"divider.default\">\n\t\t\t\t<div class=\"elementor-widget-container\">\n\t\t\t\t\t\t\t<div class=\"elementor-divider\" style=\"--divider-pattern-url: url(&quot;data:image\/svg+xml,%3Csvg xmlns=&#039;http:\/\/www.w3.org\/2000\/svg&#039; preserveAspectRatio=&#039;none&#039; overflow=&#039;visible&#039; height=&#039;100%&#039; viewBox=&#039;0 0 24 24&#039; fill=&#039;none&#039; stroke=&#039;black&#039; stroke-width=&#039;3&#039; stroke-linecap=&#039;square&#039; stroke-miterlimit=&#039;10&#039;%3E%3Cpolyline points=&#039;0,18 12,6 24,18 &#039;\/%3E%3C\/svg%3E&quot;);\">\n\t\t\t<span class=\"elementor-divider-separator\">\n\t\t\t\t\t\t<\/span>\n\t\t<\/div>\n\t\t\t\t\t\t<\/div>\n\t\t\t\t<\/div>\n\t\t\t\t\t<\/div>\n\t\t\t\t<\/div>\n\t\t\t\t<\/div>\n\t\t","protected":false},"excerpt":{"rendered":"<p>Cze\u015b\u0107! Mam na imi\u0119 Charlie. Mo\u017cesz si\u0119 ze mn\u0105 kontaktowa\u0107, je\u015bli masz jakiekolwiek pytania. Mog\u0105 one dotyczy\u0107 przyjemnego \u017cycia, mieszkania i wychowywania dzieci w Oud-Reeshof w Tilburgu. Dla Ciebie i Twojego dziecka. Pomog\u0119 Ci pozna\u0107 osoby, organizacje i stowarzyszenia z naszej dzielnicy. Wiem na przyk\u0142ad, gdzie Twoje dziecko mo\u017ce si\u0119 bawi\u0107 i korzysta\u0107 z r\u00f3\u017cnych [&hellip;]<\/p>\n","protected":false},"author":1,"featured_media":522,"parent":0,"menu_order":0,"comment_status":"closed","ping_status":"closed","template":"","meta":{"_acf_changed":false,"footnotes":""},"class_list":["post-654","page","type-page","status-publish","has-post-thumbnail","hentry"],"acf":[],"yoast_head":"<!-- This site is optimized with the Yoast SEO plugin v27.2 - https:\/\/yoast.com\/product\/yoast-seo-wordpress\/ -->\n<title>Dom - Charlie<\/title>\n<meta name=\"robots\" content=\"index, follow, max-snippet:-1, max-image-preview:large, max-video-preview:-1\" \/>\n<link rel=\"canonical\" href=\"https:\/\/charliehelpt.nl\/pl\/\" \/>\n<meta property=\"og:locale\" content=\"pl_PL\" \/>\n<meta property=\"og:type\" content=\"article\" \/>\n<meta property=\"og:title\" content=\"Dom - Charlie\" \/>\n<meta property=\"og:description\" content=\"Cze\u015b\u0107! Mam na imi\u0119 Charlie. Mo\u017cesz si\u0119 ze mn\u0105 kontaktowa\u0107, je\u015bli masz jakiekolwiek pytania. Mog\u0105 one dotyczy\u0107 przyjemnego \u017cycia, mieszkania i wychowywania dzieci w Oud-Reeshof w Tilburgu. Dla Ciebie i Twojego dziecka. Pomog\u0119 Ci pozna\u0107 osoby, organizacje i stowarzyszenia z naszej dzielnicy. Wiem na przyk\u0142ad, gdzie Twoje dziecko mo\u017ce si\u0119 bawi\u0107 i korzysta\u0107 z r\u00f3\u017cnych [&hellip;]\" \/>\n<meta property=\"og:url\" content=\"https:\/\/charliehelpt.nl\/pl\/\" \/>\n<meta property=\"og:site_name\" content=\"Charlie\" \/>\n<meta property=\"article:modified_time\" content=\"2023-10-31T12:26:54+00:00\" \/>\n<meta property=\"og:image\" content=\"https:\/\/charliehelpt.nl\/wp-content\/uploads\/2023\/08\/Charlie-ansichtkaart.jpg\" \/>\n\t<meta property=\"og:image:width\" content=\"874\" \/>\n\t<meta property=\"og:image:height\" content=\"620\" \/>\n\t<meta property=\"og:image:type\" content=\"image\/jpeg\" \/>\n<meta name=\"twitter:card\" content=\"summary_large_image\" \/>\n<meta name=\"twitter:label1\" content=\"Szacowany czas czytania\" \/>\n\t<meta name=\"twitter:data1\" content=\"1 minuta\" \/>\n<script type=\"application\/ld+json\" class=\"yoast-schema-graph\">{\"@context\":\"https:\/\/schema.org\",\"@graph\":[{\"@type\":\"WebPage\",\"@id\":\"https:\/\/charliehelpt.nl\/pl\/\",\"url\":\"https:\/\/charliehelpt.nl\/pl\/\",\"name\":\"Dom - Charlie\",\"isPartOf\":{\"@id\":\"https:\/\/charliehelpt.nl\/pl\/#website\"},\"primaryImageOfPage\":{\"@id\":\"https:\/\/charliehelpt.nl\/pl\/#primaryimage\"},\"image\":{\"@id\":\"https:\/\/charliehelpt.nl\/pl\/#primaryimage\"},\"thumbnailUrl\":\"https:\/\/charliehelpt.nl\/wp-content\/uploads\/2023\/08\/Charlie-ansichtkaart.jpg\",\"datePublished\":\"2023-07-04T11:21:26+00:00\",\"dateModified\":\"2023-10-31T12:26:54+00:00\",\"breadcrumb\":{\"@id\":\"https:\/\/charliehelpt.nl\/pl\/#breadcrumb\"},\"inLanguage\":\"pl-PL\",\"potentialAction\":[{\"@type\":\"ReadAction\",\"target\":[\"https:\/\/charliehelpt.nl\/pl\/\"]}]},{\"@type\":\"ImageObject\",\"inLanguage\":\"pl-PL\",\"@id\":\"https:\/\/charliehelpt.nl\/pl\/#primaryimage\",\"url\":\"https:\/\/charliehelpt.nl\/wp-content\/uploads\/2023\/08\/Charlie-ansichtkaart.jpg\",\"contentUrl\":\"https:\/\/charliehelpt.nl\/wp-content\/uploads\/2023\/08\/Charlie-ansichtkaart.jpg\",\"width\":874,\"height\":620},{\"@type\":\"BreadcrumbList\",\"@id\":\"https:\/\/charliehelpt.nl\/pl\/#breadcrumb\",\"itemListElement\":[{\"@type\":\"ListItem\",\"position\":1,\"name\":\"Home\",\"item\":\"https:\/\/charliehelpt.nl\/pl\/dom\/\"},{\"@type\":\"ListItem\",\"position\":2,\"name\":\"Dom\"}]},{\"@type\":\"WebSite\",\"@id\":\"https:\/\/charliehelpt.nl\/pl\/#website\",\"url\":\"https:\/\/charliehelpt.nl\/pl\/\",\"name\":\"Charlie\",\"description\":\"\",\"potentialAction\":[{\"@type\":\"SearchAction\",\"target\":{\"@type\":\"EntryPoint\",\"urlTemplate\":\"https:\/\/charliehelpt.nl\/pl\/?s={search_term_string}\"},\"query-input\":{\"@type\":\"PropertyValueSpecification\",\"valueRequired\":true,\"valueName\":\"search_term_string\"}}],\"inLanguage\":\"pl-PL\"}]}<\/script>\n<!-- \/ Yoast SEO plugin. -->","yoast_head_json":{"title":"Dom - Charlie","robots":{"index":"index","follow":"follow","max-snippet":"max-snippet:-1","max-image-preview":"max-image-preview:large","max-video-preview":"max-video-preview:-1"},"canonical":"https:\/\/charliehelpt.nl\/pl\/","og_locale":"pl_PL","og_type":"article","og_title":"Dom - Charlie","og_description":"Cze\u015b\u0107! Mam na imi\u0119 Charlie. Mo\u017cesz si\u0119 ze mn\u0105 kontaktowa\u0107, je\u015bli masz jakiekolwiek pytania. Mog\u0105 one dotyczy\u0107 przyjemnego \u017cycia, mieszkania i wychowywania dzieci w Oud-Reeshof w Tilburgu. Dla Ciebie i Twojego dziecka. Pomog\u0119 Ci pozna\u0107 osoby, organizacje i stowarzyszenia z naszej dzielnicy. Wiem na przyk\u0142ad, gdzie Twoje dziecko mo\u017ce si\u0119 bawi\u0107 i korzysta\u0107 z r\u00f3\u017cnych [&hellip;]","og_url":"https:\/\/charliehelpt.nl\/pl\/","og_site_name":"Charlie","article_modified_time":"2023-10-31T12:26:54+00:00","og_image":[{"width":874,"height":620,"url":"https:\/\/charliehelpt.nl\/wp-content\/uploads\/2023\/08\/Charlie-ansichtkaart.jpg","type":"image\/jpeg"}],"twitter_card":"summary_large_image","twitter_misc":{"Szacowany czas czytania":"1 minuta"},"schema":{"@context":"https:\/\/schema.org","@graph":[{"@type":"WebPage","@id":"https:\/\/charliehelpt.nl\/pl\/","url":"https:\/\/charliehelpt.nl\/pl\/","name":"Dom - Charlie","isPartOf":{"@id":"https:\/\/charliehelpt.nl\/pl\/#website"},"primaryImageOfPage":{"@id":"https:\/\/charliehelpt.nl\/pl\/#primaryimage"},"image":{"@id":"https:\/\/charliehelpt.nl\/pl\/#primaryimage"},"thumbnailUrl":"https:\/\/charliehelpt.nl\/wp-content\/uploads\/2023\/08\/Charlie-ansichtkaart.jpg","datePublished":"2023-07-04T11:21:26+00:00","dateModified":"2023-10-31T12:26:54+00:00","breadcrumb":{"@id":"https:\/\/charliehelpt.nl\/pl\/#breadcrumb"},"inLanguage":"pl-PL","potentialAction":[{"@type":"ReadAction","target":["https:\/\/charliehelpt.nl\/pl\/"]}]},{"@type":"ImageObject","inLanguage":"pl-PL","@id":"https:\/\/charliehelpt.nl\/pl\/#primaryimage","url":"https:\/\/charliehelpt.nl\/wp-content\/uploads\/2023\/08\/Charlie-ansichtkaart.jpg","contentUrl":"https:\/\/charliehelpt.nl\/wp-content\/uploads\/2023\/08\/Charlie-ansichtkaart.jpg","width":874,"height":620},{"@type":"BreadcrumbList","@id":"https:\/\/charliehelpt.nl\/pl\/#breadcrumb","itemListElement":[{"@type":"ListItem","position":1,"name":"Home","item":"https:\/\/charliehelpt.nl\/pl\/dom\/"},{"@type":"ListItem","position":2,"name":"Dom"}]},{"@type":"WebSite","@id":"https:\/\/charliehelpt.nl\/pl\/#website","url":"https:\/\/charliehelpt.nl\/pl\/","name":"Charlie","description":"","potentialAction":[{"@type":"SearchAction","target":{"@type":"EntryPoint","urlTemplate":"https:\/\/charliehelpt.nl\/pl\/?s={search_term_string}"},"query-input":{"@type":"PropertyValueSpecification","valueRequired":true,"valueName":"search_term_string"}}],"inLanguage":"pl-PL"}]}},"_links":{"self":[{"href":"https:\/\/charliehelpt.nl\/pl\/wp-json\/wp\/v2\/pages\/654","targetHints":{"allow":["GET"]}}],"collection":[{"href":"https:\/\/charliehelpt.nl\/pl\/wp-json\/wp\/v2\/pages"}],"about":[{"href":"https:\/\/charliehelpt.nl\/pl\/wp-json\/wp\/v2\/types\/page"}],"author":[{"embeddable":true,"href":"https:\/\/charliehelpt.nl\/pl\/wp-json\/wp\/v2\/users\/1"}],"replies":[{"embeddable":true,"href":"https:\/\/charliehelpt.nl\/pl\/wp-json\/wp\/v2\/comments?post=654"}],"version-history":[{"count":5,"href":"https:\/\/charliehelpt.nl\/pl\/wp-json\/wp\/v2\/pages\/654\/revisions"}],"predecessor-version":[{"id":926,"href":"https:\/\/charliehelpt.nl\/pl\/wp-json\/wp\/v2\/pages\/654\/revisions\/926"}],"wp:featuredmedia":[{"embeddable":true,"href":"https:\/\/charliehelpt.nl\/pl\/wp-json\/wp\/v2\/media\/522"}],"wp:attachment":[{"href":"https:\/\/charliehelpt.nl\/pl\/wp-json\/wp\/v2\/media?parent=654"}],"curies":[{"name":"wp","href":"https:\/\/api.w.org\/{rel}","templated":true}]}}