{"id":767,"date":"2023-07-04T11:48:07","date_gmt":"2023-07-04T11:48:07","guid":{"rendered":"https:\/\/charliehelpt.nl\/tematy\/"},"modified":"2023-10-30T12:49:19","modified_gmt":"2023-10-30T12:49:19","slug":"tematy","status":"publish","type":"page","link":"https:\/\/charliehelpt.nl\/pl\/tematy\/","title":{"rendered":"Tematy"},"content":{"rendered":"\t\t<div data-elementor-type=\"wp-page\" data-elementor-id=\"767\" class=\"elementor elementor-767 elementor-34\" data-elementor-post-type=\"page\">\n\t\t\t\t<div class=\"elementor-element elementor-element-34afc3f e-flex e-con-boxed e-con e-parent\" data-id=\"34afc3f\" data-element_type=\"container\" data-e-type=\"container\" data-settings=\"{&quot;background_background&quot;:&quot;classic&quot;}\">\n\t\t\t\t\t<div class=\"e-con-inner\">\n\t\t\t\t<div class=\"elementor-element elementor-element-3340959 elementor-widget elementor-widget-text-editor\" data-id=\"3340959\" data-element_type=\"widget\" data-e-type=\"widget\" data-widget_type=\"text-editor.default\">\n\t\t\t\t<div class=\"elementor-widget-container\">\n\t\t\t\t\t\t\t\t\tKliknij jeden z przycisk\u00f3w lub\nWi\u0119cej informacji na temat ka\u017cdego tematu znajdziesz <span style=\"text-decoration: underline; color: #ffffff;\"><a style=\"color: #ffffff; text-decoration: underline;\" href=\"https:\/\/charliehelpt.nl\/pl\/wazne-tematy\/\">TUTAJ<\/a><\/span>.\t\t\t\t\t\t\t\t<\/div>\n\t\t\t\t<\/div>\n\t\t\t\t<div class=\"elementor-element elementor-element-ecc917f elementor-mobile-align-justify elementor-align-justify elementor-widget elementor-widget-button\" data-id=\"ecc917f\" data-element_type=\"widget\" data-e-type=\"widget\" data-widget_type=\"button.default\">\n\t\t\t\t<div class=\"elementor-widget-container\">\n\t\t\t\t\t\t\t\t\t<div class=\"elementor-button-wrapper\">\n\t\t\t\t\t<a class=\"elementor-button elementor-button-link elementor-size-sm elementor-animation-push\" href=\"https:\/\/charliehelpt.nl\/pl\/categorie\/bewegen-po\/\">\n\t\t\t\t\t\t<span class=\"elementor-button-content-wrapper\">\n\t\t\t\t\t\t\t\t\t<span class=\"elementor-button-text\">Aktywno\u015b\u0107<\/span>\n\t\t\t\t\t<\/span>\n\t\t\t\t\t<\/a>\n\t\t\t\t<\/div>\n\t\t\t\t\t\t\t\t<\/div>\n\t\t\t\t<\/div>\n\t\t\t\t<div class=\"elementor-element elementor-element-5d5b22e elementor-mobile-align-justify elementor-align-justify elementor-widget elementor-widget-button\" data-id=\"5d5b22e\" data-element_type=\"widget\" data-e-type=\"widget\" data-widget_type=\"button.default\">\n\t\t\t\t<div class=\"elementor-widget-container\">\n\t\t\t\t\t\t\t\t\t<div class=\"elementor-button-wrapper\">\n\t\t\t\t\t<a class=\"elementor-button elementor-button-link elementor-size-sm elementor-animation-push\" href=\"https:\/\/charliehelpt.nl\/pl\/categorie\/veiligheid-po\/\">\n\t\t\t\t\t\t<span class=\"elementor-button-content-wrapper\">\n\t\t\t\t\t\t\t\t\t<span class=\"elementor-button-text\">Bezpiecze\u0144stwo<\/span>\n\t\t\t\t\t<\/span>\n\t\t\t\t\t<\/a>\n\t\t\t\t<\/div>\n\t\t\t\t\t\t\t\t<\/div>\n\t\t\t\t<\/div>\n\t\t\t\t<div class=\"elementor-element elementor-element-a6ee845 elementor-mobile-align-justify elementor-align-justify elementor-widget elementor-widget-button\" data-id=\"a6ee845\" data-element_type=\"widget\" data-e-type=\"widget\" data-widget_type=\"button.default\">\n\t\t\t\t<div class=\"elementor-widget-container\">\n\t\t\t\t\t\t\t\t\t<div class=\"elementor-button-wrapper\">\n\t\t\t\t\t<a class=\"elementor-button elementor-button-link elementor-size-sm elementor-animation-push\" href=\"https:\/\/charliehelpt.nl\/pl\/categorie\/gezondheid-po\/\">\n\t\t\t\t\t\t<span class=\"elementor-button-content-wrapper\">\n\t\t\t\t\t\t\t\t\t<span class=\"elementor-button-text\">Zdrowie<\/span>\n\t\t\t\t\t<\/span>\n\t\t\t\t\t<\/a>\n\t\t\t\t<\/div>\n\t\t\t\t\t\t\t\t<\/div>\n\t\t\t\t<\/div>\n\t\t\t\t<div class=\"elementor-element elementor-element-9e60e0c elementor-mobile-align-justify elementor-align-justify elementor-widget elementor-widget-button\" data-id=\"9e60e0c\" data-element_type=\"widget\" data-e-type=\"widget\" data-widget_type=\"button.default\">\n\t\t\t\t<div class=\"elementor-widget-container\">\n\t\t\t\t\t\t\t\t\t<div class=\"elementor-button-wrapper\">\n\t\t\t\t\t<a class=\"elementor-button elementor-button-link elementor-size-sm elementor-animation-push\" href=\"https:\/\/charliehelpt.nl\/pl\/categorie\/verantwoordelijkheid-po\/\">\n\t\t\t\t\t\t<span class=\"elementor-button-content-wrapper\">\n\t\t\t\t\t\t\t\t\t<span class=\"elementor-button-text\">Odpowiedzialno\u015b\u0107<\/span>\n\t\t\t\t\t<\/span>\n\t\t\t\t\t<\/a>\n\t\t\t\t<\/div>\n\t\t\t\t\t\t\t\t<\/div>\n\t\t\t\t<\/div>\n\t\t\t\t<div class=\"elementor-element elementor-element-0c7caf1 elementor-mobile-align-justify elementor-align-justify elementor-widget elementor-widget-button\" data-id=\"0c7caf1\" data-element_type=\"widget\" data-e-type=\"widget\" data-widget_type=\"button.default\">\n\t\t\t\t<div class=\"elementor-widget-container\">\n\t\t\t\t\t\t\t\t\t<div class=\"elementor-button-wrapper\">\n\t\t\t\t\t<a class=\"elementor-button elementor-button-link elementor-size-sm elementor-animation-push\" href=\"https:\/\/charliehelpt.nl\/pl\/categorie\/ontwikkelen-po\/\">\n\t\t\t\t\t\t<span class=\"elementor-button-content-wrapper\">\n\t\t\t\t\t\t\t\t\t<span class=\"elementor-button-text\">Rozw\u00f3j<\/span>\n\t\t\t\t\t<\/span>\n\t\t\t\t\t<\/a>\n\t\t\t\t<\/div>\n\t\t\t\t\t\t\t\t<\/div>\n\t\t\t\t<\/div>\n\t\t\t\t<div class=\"elementor-element elementor-element-b986d95 elementor-mobile-align-justify elementor-align-justify elementor-widget elementor-widget-button\" data-id=\"b986d95\" data-element_type=\"widget\" data-e-type=\"widget\" data-widget_type=\"button.default\">\n\t\t\t\t<div class=\"elementor-widget-container\">\n\t\t\t\t\t\t\t\t\t<div class=\"elementor-button-wrapper\">\n\t\t\t\t\t<a class=\"elementor-button elementor-button-link elementor-size-sm elementor-animation-push\" href=\"https:\/\/charliehelpt.nl\/pl\/categorie\/respecteren-po\/\">\n\t\t\t\t\t\t<span class=\"elementor-button-content-wrapper\">\n\t\t\t\t\t\t\t\t\t<span class=\"elementor-button-text\">Szacunek<\/span>\n\t\t\t\t\t<\/span>\n\t\t\t\t\t<\/a>\n\t\t\t\t<\/div>\n\t\t\t\t\t\t\t\t<\/div>\n\t\t\t\t<\/div>\n\t\t\t\t<div class=\"elementor-element elementor-element-c657786 elementor-mobile-align-justify elementor-align-justify elementor-widget elementor-widget-button\" data-id=\"c657786\" data-element_type=\"widget\" data-e-type=\"widget\" data-widget_type=\"button.default\">\n\t\t\t\t<div class=\"elementor-widget-container\">\n\t\t\t\t\t\t\t\t\t<div class=\"elementor-button-wrapper\">\n\t\t\t\t\t<a class=\"elementor-button elementor-button-link elementor-size-sm elementor-animation-push\" href=\"https:\/\/charliehelpt.nl\/pl\/categorie\/erbij-horen-po\/\">\n\t\t\t\t\t\t<span class=\"elementor-button-content-wrapper\">\n\t\t\t\t\t\t\t\t\t<span class=\"elementor-button-text\">Przynale\u017cno\u015b\u0107<\/span>\n\t\t\t\t\t<\/span>\n\t\t\t\t\t<\/a>\n\t\t\t\t<\/div>\n\t\t\t\t\t\t\t\t<\/div>\n\t\t\t\t<\/div>\n\t\t\t\t<div class=\"elementor-element elementor-element-4189081 elementor-mobile-align-justify elementor-align-justify elementor-widget elementor-widget-button\" data-id=\"4189081\" data-element_type=\"widget\" data-e-type=\"widget\" data-widget_type=\"button.default\">\n\t\t\t\t<div class=\"elementor-widget-container\">\n\t\t\t\t\t\t\t\t\t<div class=\"elementor-button-wrapper\">\n\t\t\t\t\t<a class=\"elementor-button elementor-button-link elementor-size-sm elementor-animation-push\" href=\"https:\/\/charliehelpt.nl\/pl\/categorie\/met-liefde-verzorgen-po\/\">\n\t\t\t\t\t\t<span class=\"elementor-button-content-wrapper\">\n\t\t\t\t\t\t\t\t\t<span class=\"elementor-button-text\">Opieka z mi\u0142o\u015bci\u0105<\/span>\n\t\t\t\t\t<\/span>\n\t\t\t\t\t<\/a>\n\t\t\t\t<\/div>\n\t\t\t\t\t\t\t\t<\/div>\n\t\t\t\t<\/div>\n\t\t\t\t\t<\/div>\n\t\t\t\t<\/div>\n\t\t\t\t<\/div>\n\t\t","protected":false},"excerpt":{"rendered":"<p>Kliknij jeden z przycisk\u00f3w lub Wi\u0119cej informacji na temat ka\u017cdego tematu znajdziesz TUTAJ. Aktywno\u015b\u0107 Bezpiecze\u0144stwo Zdrowie Odpowiedzialno\u015b\u0107 Rozw\u00f3j Szacunek Przynale\u017cno\u015b\u0107 Opieka z mi\u0142o\u015bci\u0105<\/p>\n","protected":false},"author":1,"featured_media":0,"parent":0,"menu_order":0,"comment_status":"closed","ping_status":"closed","template":"","meta":{"_acf_changed":false,"footnotes":""},"class_list":["post-767","page","type-page","status-publish","hentry"],"acf":[],"yoast_head":"<!-- This site is optimized with the Yoast SEO plugin v27.2 - https:\/\/yoast.com\/product\/yoast-seo-wordpress\/ -->\n<title>Tematy - Charlie<\/title>\n<meta name=\"robots\" content=\"index, follow, max-snippet:-1, max-image-preview:large, max-video-preview:-1\" \/>\n<link rel=\"canonical\" href=\"https:\/\/charliehelpt.nl\/pl\/tematy\/\" \/>\n<meta property=\"og:locale\" content=\"pl_PL\" \/>\n<meta property=\"og:type\" content=\"article\" \/>\n<meta property=\"og:title\" content=\"Tematy - Charlie\" \/>\n<meta property=\"og:description\" content=\"Kliknij jeden z przycisk\u00f3w lub Wi\u0119cej informacji na temat ka\u017cdego tematu znajdziesz TUTAJ. Aktywno\u015b\u0107 Bezpiecze\u0144stwo Zdrowie Odpowiedzialno\u015b\u0107 Rozw\u00f3j Szacunek Przynale\u017cno\u015b\u0107 Opieka z mi\u0142o\u015bci\u0105\" \/>\n<meta property=\"og:url\" content=\"https:\/\/charliehelpt.nl\/pl\/tematy\/\" \/>\n<meta property=\"og:site_name\" content=\"Charlie\" \/>\n<meta property=\"article:modified_time\" content=\"2023-10-30T12:49:19+00:00\" \/>\n<meta name=\"twitter:card\" content=\"summary_large_image\" \/>\n<meta name=\"twitter:label1\" content=\"Szacowany czas czytania\" \/>\n\t<meta name=\"twitter:data1\" content=\"1 minuta\" \/>\n<script type=\"application\/ld+json\" class=\"yoast-schema-graph\">{\"@context\":\"https:\/\/schema.org\",\"@graph\":[{\"@type\":\"WebPage\",\"@id\":\"https:\/\/charliehelpt.nl\/pl\/tematy\/\",\"url\":\"https:\/\/charliehelpt.nl\/pl\/tematy\/\",\"name\":\"Tematy - Charlie\",\"isPartOf\":{\"@id\":\"https:\/\/charliehelpt.nl\/pl\/#website\"},\"datePublished\":\"2023-07-04T11:48:07+00:00\",\"dateModified\":\"2023-10-30T12:49:19+00:00\",\"breadcrumb\":{\"@id\":\"https:\/\/charliehelpt.nl\/pl\/tematy\/#breadcrumb\"},\"inLanguage\":\"pl-PL\",\"potentialAction\":[{\"@type\":\"ReadAction\",\"target\":[\"https:\/\/charliehelpt.nl\/pl\/tematy\/\"]}]},{\"@type\":\"BreadcrumbList\",\"@id\":\"https:\/\/charliehelpt.nl\/pl\/tematy\/#breadcrumb\",\"itemListElement\":[{\"@type\":\"ListItem\",\"position\":1,\"name\":\"Home\",\"item\":\"https:\/\/charliehelpt.nl\/pl\/dom\/\"},{\"@type\":\"ListItem\",\"position\":2,\"name\":\"Tematy\"}]},{\"@type\":\"WebSite\",\"@id\":\"https:\/\/charliehelpt.nl\/pl\/#website\",\"url\":\"https:\/\/charliehelpt.nl\/pl\/\",\"name\":\"Charlie\",\"description\":\"\",\"potentialAction\":[{\"@type\":\"SearchAction\",\"target\":{\"@type\":\"EntryPoint\",\"urlTemplate\":\"https:\/\/charliehelpt.nl\/pl\/?s={search_term_string}\"},\"query-input\":{\"@type\":\"PropertyValueSpecification\",\"valueRequired\":true,\"valueName\":\"search_term_string\"}}],\"inLanguage\":\"pl-PL\"}]}<\/script>\n<!-- \/ Yoast SEO plugin. -->","yoast_head_json":{"title":"Tematy - Charlie","robots":{"index":"index","follow":"follow","max-snippet":"max-snippet:-1","max-image-preview":"max-image-preview:large","max-video-preview":"max-video-preview:-1"},"canonical":"https:\/\/charliehelpt.nl\/pl\/tematy\/","og_locale":"pl_PL","og_type":"article","og_title":"Tematy - Charlie","og_description":"Kliknij jeden z przycisk\u00f3w lub Wi\u0119cej informacji na temat ka\u017cdego tematu znajdziesz TUTAJ. Aktywno\u015b\u0107 Bezpiecze\u0144stwo Zdrowie Odpowiedzialno\u015b\u0107 Rozw\u00f3j Szacunek Przynale\u017cno\u015b\u0107 Opieka z mi\u0142o\u015bci\u0105","og_url":"https:\/\/charliehelpt.nl\/pl\/tematy\/","og_site_name":"Charlie","article_modified_time":"2023-10-30T12:49:19+00:00","twitter_card":"summary_large_image","twitter_misc":{"Szacowany czas czytania":"1 minuta"},"schema":{"@context":"https:\/\/schema.org","@graph":[{"@type":"WebPage","@id":"https:\/\/charliehelpt.nl\/pl\/tematy\/","url":"https:\/\/charliehelpt.nl\/pl\/tematy\/","name":"Tematy - Charlie","isPartOf":{"@id":"https:\/\/charliehelpt.nl\/pl\/#website"},"datePublished":"2023-07-04T11:48:07+00:00","dateModified":"2023-10-30T12:49:19+00:00","breadcrumb":{"@id":"https:\/\/charliehelpt.nl\/pl\/tematy\/#breadcrumb"},"inLanguage":"pl-PL","potentialAction":[{"@type":"ReadAction","target":["https:\/\/charliehelpt.nl\/pl\/tematy\/"]}]},{"@type":"BreadcrumbList","@id":"https:\/\/charliehelpt.nl\/pl\/tematy\/#breadcrumb","itemListElement":[{"@type":"ListItem","position":1,"name":"Home","item":"https:\/\/charliehelpt.nl\/pl\/dom\/"},{"@type":"ListItem","position":2,"name":"Tematy"}]},{"@type":"WebSite","@id":"https:\/\/charliehelpt.nl\/pl\/#website","url":"https:\/\/charliehelpt.nl\/pl\/","name":"Charlie","description":"","potentialAction":[{"@type":"SearchAction","target":{"@type":"EntryPoint","urlTemplate":"https:\/\/charliehelpt.nl\/pl\/?s={search_term_string}"},"query-input":{"@type":"PropertyValueSpecification","valueRequired":true,"valueName":"search_term_string"}}],"inLanguage":"pl-PL"}]}},"_links":{"self":[{"href":"https:\/\/charliehelpt.nl\/pl\/wp-json\/wp\/v2\/pages\/767","targetHints":{"allow":["GET"]}}],"collection":[{"href":"https:\/\/charliehelpt.nl\/pl\/wp-json\/wp\/v2\/pages"}],"about":[{"href":"https:\/\/charliehelpt.nl\/pl\/wp-json\/wp\/v2\/types\/page"}],"author":[{"embeddable":true,"href":"https:\/\/charliehelpt.nl\/pl\/wp-json\/wp\/v2\/users\/1"}],"replies":[{"embeddable":true,"href":"https:\/\/charliehelpt.nl\/pl\/wp-json\/wp\/v2\/comments?post=767"}],"version-history":[{"count":5,"href":"https:\/\/charliehelpt.nl\/pl\/wp-json\/wp\/v2\/pages\/767\/revisions"}],"predecessor-version":[{"id":827,"href":"https:\/\/charliehelpt.nl\/pl\/wp-json\/wp\/v2\/pages\/767\/revisions\/827"}],"wp:attachment":[{"href":"https:\/\/charliehelpt.nl\/pl\/wp-json\/wp\/v2\/media?parent=767"}],"curies":[{"name":"wp","href":"https:\/\/api.w.org\/{rel}","templated":true}]}}