{"id":801,"date":"2023-07-12T14:12:03","date_gmt":"2023-07-12T14:12:03","guid":{"rendered":"https:\/\/charliehelpt.nl\/wprowadzenie\/"},"modified":"2023-10-30T10:39:09","modified_gmt":"2023-10-30T10:39:09","slug":"wprowadzenie","status":"publish","type":"page","link":"https:\/\/charliehelpt.nl\/pl\/wprowadzenie\/","title":{"rendered":"Wprowadzenie"},"content":{"rendered":"\t\t<div data-elementor-type=\"wp-page\" data-elementor-id=\"801\" class=\"elementor elementor-801 elementor-328\" data-elementor-post-type=\"page\">\n\t\t\t\t<div class=\"elementor-element elementor-element-c7f1895 e-flex e-con-boxed e-con e-parent\" data-id=\"c7f1895\" data-element_type=\"container\" data-e-type=\"container\" data-settings=\"{&quot;background_background&quot;:&quot;classic&quot;}\">\n\t\t\t\t\t<div class=\"e-con-inner\">\n\t\t\t\t<div class=\"elementor-element elementor-element-a4478fe elementor-widget elementor-widget-heading\" data-id=\"a4478fe\" data-element_type=\"widget\" data-e-type=\"widget\" data-widget_type=\"heading.default\">\n\t\t\t\t<div class=\"elementor-widget-container\">\n\t\t\t\t\t<h2 class=\"elementor-heading-title elementor-size-default\">Osiem wa\u017cnych<br>\ntemat\u00f3w<\/h2>\t\t\t\t<\/div>\n\t\t\t\t<\/div>\n\t\t\t\t<div class=\"elementor-element elementor-element-a747fea elementor-widget elementor-widget-text-editor\" data-id=\"a747fea\" data-element_type=\"widget\" data-e-type=\"widget\" data-widget_type=\"text-editor.default\">\n\t\t\t\t<div class=\"elementor-widget-container\">\n\t\t\t\t\t\t\t\t\t<p>Pomog\u0119 Tobie i Twojemu dziecku w odkrywaniu naszej dzielnicy Zrobi\u0119 to w oparciu o osiem wa\u017cnych temat\u00f3w. Tematy te to: <span lang=\"nl\">aktywno\u015b\u0107, szacunek, odpowiedzialno\u015b\u0107, przynale\u017cno\u015b\u0107, bezpiecze\u0144stwo, zdrowie, rozw\u00f3j i opieka z mi\u0142o\u015bci\u0105.<\/span> Wi\u0119cej na ten temat opowiem pokr\u00f3tce poni\u017cej<\/p>\n\t\t\t\t\t\t\t\t<\/div>\n\t\t\t\t<\/div>\n\t\t\t\t<div class=\"elementor-element elementor-element-35fbb33 elementor-mobile-align-left elementor-widget elementor-widget-button\" data-id=\"35fbb33\" data-element_type=\"widget\" data-e-type=\"widget\" data-widget_type=\"button.default\">\n\t\t\t\t<div class=\"elementor-widget-container\">\n\t\t\t\t\t\t\t\t\t<div class=\"elementor-button-wrapper\">\n\t\t\t\t\t<a class=\"elementor-button elementor-button-link elementor-size-sm elementor-animation-push\" href=\"https:\/\/charliehelpt.nl\/pl\/tematy\/\">\n\t\t\t\t\t\t<span class=\"elementor-button-content-wrapper\">\n\t\t\t\t\t\t\t\t\t<span class=\"elementor-button-text\">Czytaj wi\u0119cej<\/span>\n\t\t\t\t\t<\/span>\n\t\t\t\t\t<\/a>\n\t\t\t\t<\/div>\n\t\t\t\t\t\t\t\t<\/div>\n\t\t\t\t<\/div>\n\t\t\t\t<div class=\"elementor-element elementor-element-4aaa698 elementor-blockquote--skin-quotation elementor-blockquote--align-left elementor-widget elementor-widget-blockquote\" data-id=\"4aaa698\" data-element_type=\"widget\" data-e-type=\"widget\" data-widget_type=\"blockquote.default\">\n\t\t\t\t<div class=\"elementor-widget-container\">\n\t\t\t\t\t\t\t<blockquote class=\"elementor-blockquote\">\n\t\t\t<p class=\"elementor-blockquote__content\">\n\t\t\t\tPrzedstawi\u0119 Ci parki, place zabaw, ludzi, organizacje i stowarzyszenia na terenie Oud-Reeshof. Dzi\u0119ki temu wiesz dok\u0142adnie, co si\u0119 tutaj znajduje.\t\t\t<\/p>\n\t\t\t\t\t<\/blockquote>\n\t\t\t\t\t\t<\/div>\n\t\t\t\t<\/div>\n\t\t\t\t\t<\/div>\n\t\t\t\t<\/div>\n\t\t\t\t<\/div>\n\t\t","protected":false},"excerpt":{"rendered":"<p>Osiem wa\u017cnych temat\u00f3w Pomog\u0119 Tobie i Twojemu dziecku w odkrywaniu naszej dzielnicy Zrobi\u0119 to w oparciu o osiem wa\u017cnych temat\u00f3w. Tematy te to: aktywno\u015b\u0107, szacunek, odpowiedzialno\u015b\u0107, przynale\u017cno\u015b\u0107, bezpiecze\u0144stwo, zdrowie, rozw\u00f3j i opieka z mi\u0142o\u015bci\u0105. Wi\u0119cej na ten temat opowiem pokr\u00f3tce poni\u017cej Czytaj wi\u0119cej Przedstawi\u0119 Ci parki, place zabaw, ludzi, organizacje i stowarzyszenia na terenie Oud-Reeshof. [&hellip;]<\/p>\n","protected":false},"author":2,"featured_media":0,"parent":0,"menu_order":0,"comment_status":"closed","ping_status":"closed","template":"","meta":{"_acf_changed":false,"footnotes":""},"class_list":["post-801","page","type-page","status-publish","hentry"],"acf":[],"yoast_head":"<!-- This site is optimized with the Yoast SEO plugin v27.2 - https:\/\/yoast.com\/product\/yoast-seo-wordpress\/ -->\n<title>Wprowadzenie - Charlie<\/title>\n<meta name=\"robots\" content=\"index, follow, max-snippet:-1, max-image-preview:large, max-video-preview:-1\" \/>\n<link rel=\"canonical\" href=\"https:\/\/charliehelpt.nl\/pl\/wprowadzenie\/\" \/>\n<meta property=\"og:locale\" content=\"pl_PL\" \/>\n<meta property=\"og:type\" content=\"article\" \/>\n<meta property=\"og:title\" content=\"Wprowadzenie - Charlie\" \/>\n<meta property=\"og:description\" content=\"Osiem wa\u017cnych temat\u00f3w Pomog\u0119 Tobie i Twojemu dziecku w odkrywaniu naszej dzielnicy Zrobi\u0119 to w oparciu o osiem wa\u017cnych temat\u00f3w. Tematy te to: aktywno\u015b\u0107, szacunek, odpowiedzialno\u015b\u0107, przynale\u017cno\u015b\u0107, bezpiecze\u0144stwo, zdrowie, rozw\u00f3j i opieka z mi\u0142o\u015bci\u0105. Wi\u0119cej na ten temat opowiem pokr\u00f3tce poni\u017cej Czytaj wi\u0119cej Przedstawi\u0119 Ci parki, place zabaw, ludzi, organizacje i stowarzyszenia na terenie Oud-Reeshof. [&hellip;]\" \/>\n<meta property=\"og:url\" content=\"https:\/\/charliehelpt.nl\/pl\/wprowadzenie\/\" \/>\n<meta property=\"og:site_name\" content=\"Charlie\" \/>\n<meta property=\"article:modified_time\" content=\"2023-10-30T10:39:09+00:00\" \/>\n<meta name=\"twitter:card\" content=\"summary_large_image\" \/>\n<script type=\"application\/ld+json\" class=\"yoast-schema-graph\">{\"@context\":\"https:\/\/schema.org\",\"@graph\":[{\"@type\":\"WebPage\",\"@id\":\"https:\/\/charliehelpt.nl\/pl\/wprowadzenie\/\",\"url\":\"https:\/\/charliehelpt.nl\/pl\/wprowadzenie\/\",\"name\":\"Wprowadzenie - Charlie\",\"isPartOf\":{\"@id\":\"https:\/\/charliehelpt.nl\/pl\/#website\"},\"datePublished\":\"2023-07-12T14:12:03+00:00\",\"dateModified\":\"2023-10-30T10:39:09+00:00\",\"breadcrumb\":{\"@id\":\"https:\/\/charliehelpt.nl\/pl\/wprowadzenie\/#breadcrumb\"},\"inLanguage\":\"pl-PL\",\"potentialAction\":[{\"@type\":\"ReadAction\",\"target\":[\"https:\/\/charliehelpt.nl\/pl\/wprowadzenie\/\"]}]},{\"@type\":\"BreadcrumbList\",\"@id\":\"https:\/\/charliehelpt.nl\/pl\/wprowadzenie\/#breadcrumb\",\"itemListElement\":[{\"@type\":\"ListItem\",\"position\":1,\"name\":\"Home\",\"item\":\"https:\/\/charliehelpt.nl\/pl\/dom\/\"},{\"@type\":\"ListItem\",\"position\":2,\"name\":\"Wprowadzenie\"}]},{\"@type\":\"WebSite\",\"@id\":\"https:\/\/charliehelpt.nl\/pl\/#website\",\"url\":\"https:\/\/charliehelpt.nl\/pl\/\",\"name\":\"Charlie\",\"description\":\"\",\"potentialAction\":[{\"@type\":\"SearchAction\",\"target\":{\"@type\":\"EntryPoint\",\"urlTemplate\":\"https:\/\/charliehelpt.nl\/pl\/?s={search_term_string}\"},\"query-input\":{\"@type\":\"PropertyValueSpecification\",\"valueRequired\":true,\"valueName\":\"search_term_string\"}}],\"inLanguage\":\"pl-PL\"}]}<\/script>\n<!-- \/ Yoast SEO plugin. -->","yoast_head_json":{"title":"Wprowadzenie - Charlie","robots":{"index":"index","follow":"follow","max-snippet":"max-snippet:-1","max-image-preview":"max-image-preview:large","max-video-preview":"max-video-preview:-1"},"canonical":"https:\/\/charliehelpt.nl\/pl\/wprowadzenie\/","og_locale":"pl_PL","og_type":"article","og_title":"Wprowadzenie - Charlie","og_description":"Osiem wa\u017cnych temat\u00f3w Pomog\u0119 Tobie i Twojemu dziecku w odkrywaniu naszej dzielnicy Zrobi\u0119 to w oparciu o osiem wa\u017cnych temat\u00f3w. Tematy te to: aktywno\u015b\u0107, szacunek, odpowiedzialno\u015b\u0107, przynale\u017cno\u015b\u0107, bezpiecze\u0144stwo, zdrowie, rozw\u00f3j i opieka z mi\u0142o\u015bci\u0105. Wi\u0119cej na ten temat opowiem pokr\u00f3tce poni\u017cej Czytaj wi\u0119cej Przedstawi\u0119 Ci parki, place zabaw, ludzi, organizacje i stowarzyszenia na terenie Oud-Reeshof. [&hellip;]","og_url":"https:\/\/charliehelpt.nl\/pl\/wprowadzenie\/","og_site_name":"Charlie","article_modified_time":"2023-10-30T10:39:09+00:00","twitter_card":"summary_large_image","schema":{"@context":"https:\/\/schema.org","@graph":[{"@type":"WebPage","@id":"https:\/\/charliehelpt.nl\/pl\/wprowadzenie\/","url":"https:\/\/charliehelpt.nl\/pl\/wprowadzenie\/","name":"Wprowadzenie - Charlie","isPartOf":{"@id":"https:\/\/charliehelpt.nl\/pl\/#website"},"datePublished":"2023-07-12T14:12:03+00:00","dateModified":"2023-10-30T10:39:09+00:00","breadcrumb":{"@id":"https:\/\/charliehelpt.nl\/pl\/wprowadzenie\/#breadcrumb"},"inLanguage":"pl-PL","potentialAction":[{"@type":"ReadAction","target":["https:\/\/charliehelpt.nl\/pl\/wprowadzenie\/"]}]},{"@type":"BreadcrumbList","@id":"https:\/\/charliehelpt.nl\/pl\/wprowadzenie\/#breadcrumb","itemListElement":[{"@type":"ListItem","position":1,"name":"Home","item":"https:\/\/charliehelpt.nl\/pl\/dom\/"},{"@type":"ListItem","position":2,"name":"Wprowadzenie"}]},{"@type":"WebSite","@id":"https:\/\/charliehelpt.nl\/pl\/#website","url":"https:\/\/charliehelpt.nl\/pl\/","name":"Charlie","description":"","potentialAction":[{"@type":"SearchAction","target":{"@type":"EntryPoint","urlTemplate":"https:\/\/charliehelpt.nl\/pl\/?s={search_term_string}"},"query-input":{"@type":"PropertyValueSpecification","valueRequired":true,"valueName":"search_term_string"}}],"inLanguage":"pl-PL"}]}},"_links":{"self":[{"href":"https:\/\/charliehelpt.nl\/pl\/wp-json\/wp\/v2\/pages\/801","targetHints":{"allow":["GET"]}}],"collection":[{"href":"https:\/\/charliehelpt.nl\/pl\/wp-json\/wp\/v2\/pages"}],"about":[{"href":"https:\/\/charliehelpt.nl\/pl\/wp-json\/wp\/v2\/types\/page"}],"author":[{"embeddable":true,"href":"https:\/\/charliehelpt.nl\/pl\/wp-json\/wp\/v2\/users\/2"}],"replies":[{"embeddable":true,"href":"https:\/\/charliehelpt.nl\/pl\/wp-json\/wp\/v2\/comments?post=801"}],"version-history":[{"count":1,"href":"https:\/\/charliehelpt.nl\/pl\/wp-json\/wp\/v2\/pages\/801\/revisions"}],"predecessor-version":[{"id":802,"href":"https:\/\/charliehelpt.nl\/pl\/wp-json\/wp\/v2\/pages\/801\/revisions\/802"}],"wp:attachment":[{"href":"https:\/\/charliehelpt.nl\/pl\/wp-json\/wp\/v2\/media?parent=801"}],"curies":[{"name":"wp","href":"https:\/\/api.w.org\/{rel}","templated":true}]}}