{"id":813,"date":"2023-10-08T15:53:23","date_gmt":"2023-10-08T15:53:23","guid":{"rendered":"https:\/\/charliehelpt.nl\/opieka-nad-dzieckiem\/"},"modified":"2023-10-30T11:12:45","modified_gmt":"2023-10-30T11:12:45","slug":"opieka-nad-dzieckiem","status":"publish","type":"page","link":"https:\/\/charliehelpt.nl\/pl\/opieka-nad-dzieckiem\/","title":{"rendered":"Opieka nad dzieckiem"},"content":{"rendered":"\t\t<div data-elementor-type=\"wp-page\" data-elementor-id=\"813\" class=\"elementor elementor-813 elementor-571\" data-elementor-post-type=\"page\">\n\t\t\t\t<div class=\"elementor-element elementor-element-f31ceb7 e-flex e-con-boxed e-con e-parent\" data-id=\"f31ceb7\" data-element_type=\"container\" data-e-type=\"container\" data-settings=\"{&quot;background_background&quot;:&quot;classic&quot;}\">\n\t\t\t\t\t<div class=\"e-con-inner\">\n\t\t\t\t<div class=\"elementor-element elementor-element-7167fea elementor-widget elementor-widget-heading\" data-id=\"7167fea\" data-element_type=\"widget\" data-e-type=\"widget\" data-widget_type=\"heading.default\">\n\t\t\t\t<div class=\"elementor-widget-container\">\n\t\t\t\t\t<h2 class=\"elementor-heading-title elementor-size-default\">O\u015brodki opieki dziennej i opieka pozaszkolna<\/h2>\t\t\t\t<\/div>\n\t\t\t\t<\/div>\n\t\t\t\t<div class=\"elementor-element elementor-element-fb88f78 elementor-widget elementor-widget-text-editor\" data-id=\"fb88f78\" data-element_type=\"widget\" data-e-type=\"widget\" data-widget_type=\"text-editor.default\">\n\t\t\t\t<div class=\"elementor-widget-container\">\n\t\t\t\t\t\t\t\t\t<p>Lorem ipsum dolor sit amet, consectetur adipiscing elit, sed do eiusmod tempor incididunt ut labore et dolore magna aliqua. Ut enim ad minim veniam, quis nostrud exercitation ullamco laboris nisi ut aliquip ex ea commodo consequat. Duis aute irure dolor in reprehenderit in voluptate velit esse cillum dolore eu fugiat nulla pariatur. Excepteur sint occaecat cupidatat non proident, sunt in culpa qui officia deserunt mollit anim id est laborum.<\/p>\n\t\t\t\t\t\t\t\t<\/div>\n\t\t\t\t<\/div>\n\t\t\t\t<div class=\"elementor-element elementor-element-f790aab elementor-widget-divider--separator-type-pattern elementor-widget-divider--view-line elementor-widget elementor-widget-divider\" data-id=\"f790aab\" data-element_type=\"widget\" data-e-type=\"widget\" data-widget_type=\"divider.default\">\n\t\t\t\t<div class=\"elementor-widget-container\">\n\t\t\t\t\t\t\t<div class=\"elementor-divider\" style=\"--divider-pattern-url: url(&quot;data:image\/svg+xml,%3Csvg xmlns=&#039;http:\/\/www.w3.org\/2000\/svg&#039; preserveAspectRatio=&#039;none&#039; overflow=&#039;visible&#039; height=&#039;100%&#039; viewBox=&#039;0 0 24 24&#039; fill=&#039;none&#039; stroke=&#039;black&#039; stroke-width=&#039;3&#039; stroke-linecap=&#039;square&#039; stroke-miterlimit=&#039;10&#039;%3E%3Cpolyline points=&#039;0,18 12,6 24,18 &#039;\/%3E%3C\/svg%3E&quot;);\">\n\t\t\t<span class=\"elementor-divider-separator\">\n\t\t\t\t\t\t<\/span>\n\t\t<\/div>\n\t\t\t\t\t\t<\/div>\n\t\t\t\t<\/div>\n\t\t\t\t<div class=\"elementor-element elementor-element-813632b elementor-widget elementor-widget-heading\" data-id=\"813632b\" data-element_type=\"widget\" data-e-type=\"widget\" data-widget_type=\"heading.default\">\n\t\t\t\t<div class=\"elementor-widget-container\">\n\t\t\t\t\t<h2 class=\"elementor-heading-title elementor-size-default\">Kreatywne przedszkole Vrijmoet \/ Kultura BSO Studio T\n<\/h2>\t\t\t\t<\/div>\n\t\t\t\t<\/div>\n\t\t\t\t<div class=\"elementor-element elementor-element-d11d522 elementor-widget elementor-widget-text-editor\" data-id=\"d11d522\" data-element_type=\"widget\" data-e-type=\"widget\" data-widget_type=\"text-editor.default\">\n\t\t\t\t<div class=\"elementor-widget-container\">\n\t\t\t\t\t\t\t\t\t<p>Czy Twoje dziecko patrzy na \u015bwiat z zachwytem i kreatywno\u015bci\u0105? <\/p>\n<p>W Vrijmoe dzieci mog\u0105 rozwija\u0107 si\u0119 poprzez pr\u00f3by, b\u0142\u0119dy, odkrycia i zadziwienia. Nie ma ustalonego planu, jest tylko ogromna g\u00f3ra ciekawo\u015bci. Wykorzystuj\u0105c r\u00f3\u017cne dyscypliny artystyczne, pobudzamy ch\u0119\u0107 odkrywania \u015bwiata Twojego ma\u0142ego podr\u00f3\u017cnika.<\/p>\n<p>Czy Twoje dziecko jest w szkole i codziennie budzi si\u0119 z piosenk\u0105 w g\u0142owie, czy wszystkie znalezione kieszonkowe skarby zamieniaj\u0105 si\u0119 w nowe dzie\u0142a sztuki, czy przep\u0142ywaj\u0105ce chmury tworz\u0105 za ka\u017cdym razem nowe zwierz\u0119? A mo\u017ce Twoje dziecko jest bardzo kreatywne w inny spos\u00f3b? W takim razie Cultuur BSO Studio-T to \u015bwietne BSO, w kt\u00f3rym Twoje dziecko mo\u017ce wykaza\u0107 si\u0119 niezwyk\u0142\u0105 kreatywno\u015bci\u0105. <\/p>\n<p>Odbieramy dzieci ze wszystkich szk\u00f3\u0142 podstawowych w Tilburgu Reeshof.<\/p>\n\t\t\t\t\t\t\t\t<\/div>\n\t\t\t\t<\/div>\n\t\t\t\t<div class=\"elementor-element elementor-element-f8b6d86 elementor-mobile-align-left elementor-widget elementor-widget-button\" data-id=\"f8b6d86\" data-element_type=\"widget\" data-e-type=\"widget\" data-widget_type=\"button.default\">\n\t\t\t\t<div class=\"elementor-widget-container\">\n\t\t\t\t\t\t\t\t\t<div class=\"elementor-button-wrapper\">\n\t\t\t\t\t<a class=\"elementor-button elementor-button-link elementor-size-sm elementor-animation-push\" href=\"https:\/\/www.kinderstadtilburg.nl\/locaties\/studio-t\" target=\"_blank\">\n\t\t\t\t\t\t<span class=\"elementor-button-content-wrapper\">\n\t\t\t\t\t\t\t\t\t<span class=\"elementor-button-text\">Do strony internetowej<\/span>\n\t\t\t\t\t<\/span>\n\t\t\t\t\t<\/a>\n\t\t\t\t<\/div>\n\t\t\t\t\t\t\t\t<\/div>\n\t\t\t\t<\/div>\n\t\t\t\t<div class=\"elementor-element elementor-element-4a6c95f elementor-widget-divider--separator-type-pattern elementor-widget-divider--view-line elementor-widget elementor-widget-divider\" data-id=\"4a6c95f\" data-element_type=\"widget\" data-e-type=\"widget\" data-widget_type=\"divider.default\">\n\t\t\t\t<div class=\"elementor-widget-container\">\n\t\t\t\t\t\t\t<div class=\"elementor-divider\" style=\"--divider-pattern-url: url(&quot;data:image\/svg+xml,%3Csvg xmlns=&#039;http:\/\/www.w3.org\/2000\/svg&#039; preserveAspectRatio=&#039;none&#039; overflow=&#039;visible&#039; height=&#039;100%&#039; viewBox=&#039;0 0 24 24&#039; fill=&#039;none&#039; stroke=&#039;black&#039; stroke-width=&#039;3&#039; stroke-linecap=&#039;square&#039; stroke-miterlimit=&#039;10&#039;%3E%3Cpolyline points=&#039;0,18 12,6 24,18 &#039;\/%3E%3C\/svg%3E&quot;);\">\n\t\t\t<span class=\"elementor-divider-separator\">\n\t\t\t\t\t\t<\/span>\n\t\t<\/div>\n\t\t\t\t\t\t<\/div>\n\t\t\t\t<\/div>\n\t\t\t\t<div class=\"elementor-element elementor-element-8bec553 elementor-widget elementor-widget-heading\" data-id=\"8bec553\" data-element_type=\"widget\" data-e-type=\"widget\" data-widget_type=\"heading.default\">\n\t\t\t\t<div class=\"elementor-widget-container\">\n\t\t\t\t\t<h2 class=\"elementor-heading-title elementor-size-default\">Opieka nad dzieckiem Huibeven<\/h2>\t\t\t\t<\/div>\n\t\t\t\t<\/div>\n\t\t\t\t<div class=\"elementor-element elementor-element-462a03e elementor-widget elementor-widget-text-editor\" data-id=\"462a03e\" data-element_type=\"widget\" data-e-type=\"widget\" data-widget_type=\"text-editor.default\">\n\t\t\t\t<div class=\"elementor-widget-container\">\n\t\t\t\t\t\t\t\t\t<p>Centrum opieki dziennej Huibeven jest cz\u0119\u015bci\u0105 Centrum Dzieci\u0119cego Huibeven, atrakcyjnego i osobistego miejskiego kampusu dla dzieci w Tilburgu Reeshof. W naszym przedszkolu mile widziane s\u0105 dzieci w wieku od 0 do 4 lat. W przestronnym, nowoczesnym i przede wszystkim kolorowym budynku dzieci w ka\u017cdym wieku spotykaj\u0105 si\u0119, aby bawi\u0107 si\u0119 i uczy\u0107.<\/p>\n\t\t\t\t\t\t\t\t<\/div>\n\t\t\t\t<\/div>\n\t\t\t\t<div class=\"elementor-element elementor-element-332dbe7 elementor-mobile-align-left elementor-widget elementor-widget-button\" data-id=\"332dbe7\" data-element_type=\"widget\" data-e-type=\"widget\" data-widget_type=\"button.default\">\n\t\t\t\t<div class=\"elementor-widget-container\">\n\t\t\t\t\t\t\t\t\t<div class=\"elementor-button-wrapper\">\n\t\t\t\t\t<a class=\"elementor-button elementor-button-link elementor-size-sm elementor-animation-push\" href=\"https:\/\/www.kinderstadtilburg.nl\/locaties\/huibeven\" target=\"_blank\">\n\t\t\t\t\t\t<span class=\"elementor-button-content-wrapper\">\n\t\t\t\t\t\t\t\t\t<span class=\"elementor-button-text\">Do strony internetowej<\/span>\n\t\t\t\t\t<\/span>\n\t\t\t\t\t<\/a>\n\t\t\t\t<\/div>\n\t\t\t\t\t\t\t\t<\/div>\n\t\t\t\t<\/div>\n\t\t\t\t<div class=\"elementor-element elementor-element-85d1f66 elementor-widget-divider--separator-type-pattern elementor-widget-divider--view-line elementor-widget elementor-widget-divider\" data-id=\"85d1f66\" data-element_type=\"widget\" data-e-type=\"widget\" data-widget_type=\"divider.default\">\n\t\t\t\t<div class=\"elementor-widget-container\">\n\t\t\t\t\t\t\t<div class=\"elementor-divider\" style=\"--divider-pattern-url: url(&quot;data:image\/svg+xml,%3Csvg xmlns=&#039;http:\/\/www.w3.org\/2000\/svg&#039; preserveAspectRatio=&#039;none&#039; overflow=&#039;visible&#039; height=&#039;100%&#039; viewBox=&#039;0 0 24 24&#039; fill=&#039;none&#039; stroke=&#039;black&#039; stroke-width=&#039;3&#039; stroke-linecap=&#039;square&#039; stroke-miterlimit=&#039;10&#039;%3E%3Cpolyline points=&#039;0,18 12,6 24,18 &#039;\/%3E%3C\/svg%3E&quot;);\">\n\t\t\t<span class=\"elementor-divider-separator\">\n\t\t\t\t\t\t<\/span>\n\t\t<\/div>\n\t\t\t\t\t\t<\/div>\n\t\t\t\t<\/div>\n\t\t\t\t<div class=\"elementor-element elementor-element-a38b8ea elementor-widget elementor-widget-heading\" data-id=\"a38b8ea\" data-element_type=\"widget\" data-e-type=\"widget\" data-widget_type=\"heading.default\">\n\t\t\t\t<div class=\"elementor-widget-container\">\n\t\t\t\t\t<h2 class=\"elementor-heading-title elementor-size-default\">Opieka nad dzie\u0107mi w gospodarstwie Reeshoeve<\/h2>\t\t\t\t<\/div>\n\t\t\t\t<\/div>\n\t\t\t\t<div class=\"elementor-element elementor-element-91ff9df elementor-widget elementor-widget-text-editor\" data-id=\"91ff9df\" data-element_type=\"widget\" data-e-type=\"widget\" data-widget_type=\"text-editor.default\">\n\t\t\t\t<div class=\"elementor-widget-container\">\n\t\t\t\t\t\t\t\t\t<p>Farma opieki nad dzie\u0107mi Reeshoeve znajduje si\u0119 w centrum Reeshof: starej farmy, kt\u00f3ra zosta\u0142a przekszta\u0142cona w celu zapewnienia opieki nad dzie\u0107mi i zaj\u0119\u0107 pozaszkolnych. I z prawdziwymi zwierz\u0119tami, kt\u00f3rymi wsp\u00f3lnie si\u0119 opiekujemy.<\/p>\n<p>Po\u0142o\u017cony przy \u015bcie\u017cce rowerowej Langendijk pomi\u0119dzy dzielnicami B i G a dzielnic\u0105 Geschworen Hoek, hotel Reeshoeve jest \u0142atwo dost\u0119pny dla dzieci w wieku 0\u201313 lat.<\/p>\n\t\t\t\t\t\t\t\t<\/div>\n\t\t\t\t<\/div>\n\t\t\t\t<div class=\"elementor-element elementor-element-375cfea elementor-mobile-align-left elementor-widget elementor-widget-button\" data-id=\"375cfea\" data-element_type=\"widget\" data-e-type=\"widget\" data-widget_type=\"button.default\">\n\t\t\t\t<div class=\"elementor-widget-container\">\n\t\t\t\t\t\t\t\t\t<div class=\"elementor-button-wrapper\">\n\t\t\t\t\t<a class=\"elementor-button elementor-button-link elementor-size-sm elementor-animation-push\" href=\"https:\/\/www.sterrekinderopvang.nl\/locaties\/reeshoeve\" target=\"_blank\">\n\t\t\t\t\t\t<span class=\"elementor-button-content-wrapper\">\n\t\t\t\t\t\t\t\t\t<span class=\"elementor-button-text\">Do strony internetowej<\/span>\n\t\t\t\t\t<\/span>\n\t\t\t\t\t<\/a>\n\t\t\t\t<\/div>\n\t\t\t\t\t\t\t\t<\/div>\n\t\t\t\t<\/div>\n\t\t\t\t<div class=\"elementor-element elementor-element-3d68645 elementor-widget-divider--separator-type-pattern elementor-widget-divider--view-line elementor-widget elementor-widget-divider\" data-id=\"3d68645\" data-element_type=\"widget\" data-e-type=\"widget\" data-widget_type=\"divider.default\">\n\t\t\t\t<div class=\"elementor-widget-container\">\n\t\t\t\t\t\t\t<div class=\"elementor-divider\" style=\"--divider-pattern-url: url(&quot;data:image\/svg+xml,%3Csvg xmlns=&#039;http:\/\/www.w3.org\/2000\/svg&#039; preserveAspectRatio=&#039;none&#039; overflow=&#039;visible&#039; height=&#039;100%&#039; viewBox=&#039;0 0 24 24&#039; fill=&#039;none&#039; stroke=&#039;black&#039; stroke-width=&#039;3&#039; stroke-linecap=&#039;square&#039; stroke-miterlimit=&#039;10&#039;%3E%3Cpolyline points=&#039;0,18 12,6 24,18 &#039;\/%3E%3C\/svg%3E&quot;);\">\n\t\t\t<span class=\"elementor-divider-separator\">\n\t\t\t\t\t\t<\/span>\n\t\t<\/div>\n\t\t\t\t\t\t<\/div>\n\t\t\t\t<\/div>\n\t\t\t\t<div class=\"elementor-element elementor-element-322057e elementor-widget elementor-widget-heading\" data-id=\"322057e\" data-element_type=\"widget\" data-e-type=\"widget\" data-widget_type=\"heading.default\">\n\t\t\t\t<div class=\"elementor-widget-container\">\n\t\t\t\t\t<h2 class=\"elementor-heading-title elementor-size-default\">Centrum dziecka<br>\nDe Fonkel<\/h2>\t\t\t\t<\/div>\n\t\t\t\t<\/div>\n\t\t\t\t<div class=\"elementor-element elementor-element-60c7b5d elementor-widget elementor-widget-text-editor\" data-id=\"60c7b5d\" data-element_type=\"widget\" data-e-type=\"widget\" data-widget_type=\"text-editor.default\">\n\t\t\t\t<div class=\"elementor-widget-container\">\n\t\t\t\t\t\t\t\t\t<p>Razem z publiczn\u0105 szko\u0142\u0105 podstawow\u0105 De Fonkel tworzymy Centrum Dziecka De Fonkel, w kt\u00f3rym mile widziane s\u0105 wszystkie rodziny i dzieci ze wszystkich \u015brodowisk.<\/p>\n<p>Oferujemy opiek\u0119 dzienn\u0105 (0-4 lata), opiek\u0119 nad ma\u0142ym dzieckiem oraz opiek\u0119 pozaszkoln\u0105. Jest to opieka przed i po szkole dla dzieci. Nasze centrum dla dzieci czynne jest od poniedzia\u0142ku do pi\u0105tku w godzinach 7:00 \u2013 19:00.<\/p>\n\t\t\t\t\t\t\t\t<\/div>\n\t\t\t\t<\/div>\n\t\t\t\t<div class=\"elementor-element elementor-element-f2f7720 elementor-mobile-align-left elementor-widget elementor-widget-button\" data-id=\"f2f7720\" data-element_type=\"widget\" data-e-type=\"widget\" data-widget_type=\"button.default\">\n\t\t\t\t<div class=\"elementor-widget-container\">\n\t\t\t\t\t\t\t\t\t<div class=\"elementor-button-wrapper\">\n\t\t\t\t\t<a class=\"elementor-button elementor-button-link elementor-size-sm elementor-animation-push\" href=\"https:\/\/kcdefonkel.nl\" target=\"_blank\">\n\t\t\t\t\t\t<span class=\"elementor-button-content-wrapper\">\n\t\t\t\t\t\t\t\t\t<span class=\"elementor-button-text\">Do strony internetowej<\/span>\n\t\t\t\t\t<\/span>\n\t\t\t\t\t<\/a>\n\t\t\t\t<\/div>\n\t\t\t\t\t\t\t\t<\/div>\n\t\t\t\t<\/div>\n\t\t\t\t<div class=\"elementor-element elementor-element-a329667 elementor-widget-divider--separator-type-pattern elementor-widget-divider--view-line elementor-widget elementor-widget-divider\" data-id=\"a329667\" data-element_type=\"widget\" data-e-type=\"widget\" data-widget_type=\"divider.default\">\n\t\t\t\t<div class=\"elementor-widget-container\">\n\t\t\t\t\t\t\t<div class=\"elementor-divider\" style=\"--divider-pattern-url: url(&quot;data:image\/svg+xml,%3Csvg xmlns=&#039;http:\/\/www.w3.org\/2000\/svg&#039; preserveAspectRatio=&#039;none&#039; overflow=&#039;visible&#039; height=&#039;100%&#039; viewBox=&#039;0 0 24 24&#039; fill=&#039;none&#039; stroke=&#039;black&#039; stroke-width=&#039;3&#039; stroke-linecap=&#039;square&#039; stroke-miterlimit=&#039;10&#039;%3E%3Cpolyline points=&#039;0,18 12,6 24,18 &#039;\/%3E%3C\/svg%3E&quot;);\">\n\t\t\t<span class=\"elementor-divider-separator\">\n\t\t\t\t\t\t<\/span>\n\t\t<\/div>\n\t\t\t\t\t\t<\/div>\n\t\t\t\t<\/div>\n\t\t\t\t<div class=\"elementor-element elementor-element-5572cd7 elementor-widget elementor-widget-heading\" data-id=\"5572cd7\" data-element_type=\"widget\" data-e-type=\"widget\" data-widget_type=\"heading.default\">\n\t\t\t\t<div class=\"elementor-widget-container\">\n\t\t\t\t\t<h2 class=\"elementor-heading-title elementor-size-default\">Sport BSO Reeshof<\/h2>\t\t\t\t<\/div>\n\t\t\t\t<\/div>\n\t\t\t\t<div class=\"elementor-element elementor-element-540a8a1 elementor-widget elementor-widget-text-editor\" data-id=\"540a8a1\" data-element_type=\"widget\" data-e-type=\"widget\" data-widget_type=\"text-editor.default\">\n\t\t\t\t<div class=\"elementor-widget-container\">\n\t\t\t\t\t\t\t\t\t<p>Twoje dziecko kocha sport? W takim razie trafi\u0142e\u015b we w\u0142a\u015bciwe miejsce w Sport BSO Reeshof! <br \/>Dzieci mog\u0105 tu uprawia\u0107 sport i \u0107wiczy\u0107 po szkole. Dysponujemy boiskami ze sztucznej trawy i trzema halami sportowymi, w kt\u00f3rych mo\u017cemy uprawia\u0107 sport z dzie\u0107mi. Oferujemy dzieciom bogaty program sportowy, od breakdance i gimnastyki po swobodne bieganie, od jogi po pi\u0142k\u0119 no\u017cn\u0105 halow\u0105. Nie musisz by\u0107 specjalist\u0105 od sportu, \u017ceby \u015bwietnie si\u0119 tu bawi\u0107. Naszym priorytetem jest rado\u015b\u0107 ze sportu i \u0107wicze\u0144! <\/p>\n<p>Mamy grup\u0119 dla dzieci w wieku od czterech do siedmiu lat oraz grup\u0119 dla dzieci w wieku 8 lat i starszych. <br \/>Zapewniamy bezp\u0142atny transport ze wszystkich szk\u00f3\u0142 w Reeshof.<\/p>\n\t\t\t\t\t\t\t\t<\/div>\n\t\t\t\t<\/div>\n\t\t\t\t<div class=\"elementor-element elementor-element-16c068c elementor-mobile-align-left elementor-widget elementor-widget-button\" data-id=\"16c068c\" data-element_type=\"widget\" data-e-type=\"widget\" data-widget_type=\"button.default\">\n\t\t\t\t<div class=\"elementor-widget-container\">\n\t\t\t\t\t\t\t\t\t<div class=\"elementor-button-wrapper\">\n\t\t\t\t\t<a class=\"elementor-button elementor-button-link elementor-size-sm elementor-animation-push\" href=\"https:\/\/www.kinderstadtilburg.nl\/locaties\/reeshof\" target=\"_blank\">\n\t\t\t\t\t\t<span class=\"elementor-button-content-wrapper\">\n\t\t\t\t\t\t\t\t\t<span class=\"elementor-button-text\">Do strony internetowej<\/span>\n\t\t\t\t\t<\/span>\n\t\t\t\t\t<\/a>\n\t\t\t\t<\/div>\n\t\t\t\t\t\t\t\t<\/div>\n\t\t\t\t<\/div>\n\t\t\t\t<div class=\"elementor-element elementor-element-fbf34c2 elementor-widget-divider--separator-type-pattern elementor-widget-divider--view-line elementor-widget elementor-widget-divider\" data-id=\"fbf34c2\" data-element_type=\"widget\" data-e-type=\"widget\" data-widget_type=\"divider.default\">\n\t\t\t\t<div class=\"elementor-widget-container\">\n\t\t\t\t\t\t\t<div class=\"elementor-divider\" style=\"--divider-pattern-url: url(&quot;data:image\/svg+xml,%3Csvg xmlns=&#039;http:\/\/www.w3.org\/2000\/svg&#039; preserveAspectRatio=&#039;none&#039; overflow=&#039;visible&#039; height=&#039;100%&#039; viewBox=&#039;0 0 24 24&#039; fill=&#039;none&#039; stroke=&#039;black&#039; stroke-width=&#039;3&#039; stroke-linecap=&#039;square&#039; stroke-miterlimit=&#039;10&#039;%3E%3Cpolyline points=&#039;0,18 12,6 24,18 &#039;\/%3E%3C\/svg%3E&quot;);\">\n\t\t\t<span class=\"elementor-divider-separator\">\n\t\t\t\t\t\t<\/span>\n\t\t<\/div>\n\t\t\t\t\t\t<\/div>\n\t\t\t\t<\/div>\n\t\t\t\t\t<\/div>\n\t\t\t\t<\/div>\n\t\t\t\t<\/div>\n\t\t","protected":false},"excerpt":{"rendered":"<p>O\u015brodki opieki dziennej i opieka pozaszkolna Lorem ipsum dolor sit amet, consectetur adipiscing elit, sed do eiusmod tempor incididunt ut labore et dolore magna aliqua. Ut enim ad minim veniam, quis nostrud exercitation ullamco laboris nisi ut aliquip ex ea commodo consequat. Duis aute irure dolor in reprehenderit in voluptate velit esse cillum dolore eu [&hellip;]<\/p>\n","protected":false},"author":2,"featured_media":0,"parent":0,"menu_order":0,"comment_status":"closed","ping_status":"closed","template":"","meta":{"_acf_changed":false,"footnotes":""},"class_list":["post-813","page","type-page","status-publish","hentry"],"acf":[],"yoast_head":"<!-- This site is optimized with the Yoast SEO plugin v27.2 - https:\/\/yoast.com\/product\/yoast-seo-wordpress\/ -->\n<title>Opieka nad dzieckiem - Charlie<\/title>\n<meta name=\"robots\" content=\"index, follow, max-snippet:-1, max-image-preview:large, max-video-preview:-1\" \/>\n<link rel=\"canonical\" href=\"https:\/\/charliehelpt.nl\/pl\/opieka-nad-dzieckiem\/\" \/>\n<meta property=\"og:locale\" content=\"pl_PL\" \/>\n<meta property=\"og:type\" content=\"article\" \/>\n<meta property=\"og:title\" content=\"Opieka nad dzieckiem - Charlie\" \/>\n<meta property=\"og:description\" content=\"O\u015brodki opieki dziennej i opieka pozaszkolna Lorem ipsum dolor sit amet, consectetur adipiscing elit, sed do eiusmod tempor incididunt ut labore et dolore magna aliqua. Ut enim ad minim veniam, quis nostrud exercitation ullamco laboris nisi ut aliquip ex ea commodo consequat. Duis aute irure dolor in reprehenderit in voluptate velit esse cillum dolore eu [&hellip;]\" \/>\n<meta property=\"og:url\" content=\"https:\/\/charliehelpt.nl\/pl\/opieka-nad-dzieckiem\/\" \/>\n<meta property=\"og:site_name\" content=\"Charlie\" \/>\n<meta property=\"article:modified_time\" content=\"2023-10-30T11:12:45+00:00\" \/>\n<meta name=\"twitter:card\" content=\"summary_large_image\" \/>\n<meta name=\"twitter:label1\" content=\"Szacowany czas czytania\" \/>\n\t<meta name=\"twitter:data1\" content=\"3 minuty\" \/>\n<script type=\"application\/ld+json\" class=\"yoast-schema-graph\">{\"@context\":\"https:\/\/schema.org\",\"@graph\":[{\"@type\":\"WebPage\",\"@id\":\"https:\/\/charliehelpt.nl\/pl\/opieka-nad-dzieckiem\/\",\"url\":\"https:\/\/charliehelpt.nl\/pl\/opieka-nad-dzieckiem\/\",\"name\":\"Opieka nad dzieckiem - Charlie\",\"isPartOf\":{\"@id\":\"https:\/\/charliehelpt.nl\/pl\/#website\"},\"datePublished\":\"2023-10-08T15:53:23+00:00\",\"dateModified\":\"2023-10-30T11:12:45+00:00\",\"breadcrumb\":{\"@id\":\"https:\/\/charliehelpt.nl\/pl\/opieka-nad-dzieckiem\/#breadcrumb\"},\"inLanguage\":\"pl-PL\",\"potentialAction\":[{\"@type\":\"ReadAction\",\"target\":[\"https:\/\/charliehelpt.nl\/pl\/opieka-nad-dzieckiem\/\"]}]},{\"@type\":\"BreadcrumbList\",\"@id\":\"https:\/\/charliehelpt.nl\/pl\/opieka-nad-dzieckiem\/#breadcrumb\",\"itemListElement\":[{\"@type\":\"ListItem\",\"position\":1,\"name\":\"Home\",\"item\":\"https:\/\/charliehelpt.nl\/pl\/dom\/\"},{\"@type\":\"ListItem\",\"position\":2,\"name\":\"Opieka nad dzieckiem\"}]},{\"@type\":\"WebSite\",\"@id\":\"https:\/\/charliehelpt.nl\/pl\/#website\",\"url\":\"https:\/\/charliehelpt.nl\/pl\/\",\"name\":\"Charlie\",\"description\":\"\",\"potentialAction\":[{\"@type\":\"SearchAction\",\"target\":{\"@type\":\"EntryPoint\",\"urlTemplate\":\"https:\/\/charliehelpt.nl\/pl\/?s={search_term_string}\"},\"query-input\":{\"@type\":\"PropertyValueSpecification\",\"valueRequired\":true,\"valueName\":\"search_term_string\"}}],\"inLanguage\":\"pl-PL\"}]}<\/script>\n<!-- \/ Yoast SEO plugin. -->","yoast_head_json":{"title":"Opieka nad dzieckiem - Charlie","robots":{"index":"index","follow":"follow","max-snippet":"max-snippet:-1","max-image-preview":"max-image-preview:large","max-video-preview":"max-video-preview:-1"},"canonical":"https:\/\/charliehelpt.nl\/pl\/opieka-nad-dzieckiem\/","og_locale":"pl_PL","og_type":"article","og_title":"Opieka nad dzieckiem - Charlie","og_description":"O\u015brodki opieki dziennej i opieka pozaszkolna Lorem ipsum dolor sit amet, consectetur adipiscing elit, sed do eiusmod tempor incididunt ut labore et dolore magna aliqua. Ut enim ad minim veniam, quis nostrud exercitation ullamco laboris nisi ut aliquip ex ea commodo consequat. Duis aute irure dolor in reprehenderit in voluptate velit esse cillum dolore eu [&hellip;]","og_url":"https:\/\/charliehelpt.nl\/pl\/opieka-nad-dzieckiem\/","og_site_name":"Charlie","article_modified_time":"2023-10-30T11:12:45+00:00","twitter_card":"summary_large_image","twitter_misc":{"Szacowany czas czytania":"3 minuty"},"schema":{"@context":"https:\/\/schema.org","@graph":[{"@type":"WebPage","@id":"https:\/\/charliehelpt.nl\/pl\/opieka-nad-dzieckiem\/","url":"https:\/\/charliehelpt.nl\/pl\/opieka-nad-dzieckiem\/","name":"Opieka nad dzieckiem - Charlie","isPartOf":{"@id":"https:\/\/charliehelpt.nl\/pl\/#website"},"datePublished":"2023-10-08T15:53:23+00:00","dateModified":"2023-10-30T11:12:45+00:00","breadcrumb":{"@id":"https:\/\/charliehelpt.nl\/pl\/opieka-nad-dzieckiem\/#breadcrumb"},"inLanguage":"pl-PL","potentialAction":[{"@type":"ReadAction","target":["https:\/\/charliehelpt.nl\/pl\/opieka-nad-dzieckiem\/"]}]},{"@type":"BreadcrumbList","@id":"https:\/\/charliehelpt.nl\/pl\/opieka-nad-dzieckiem\/#breadcrumb","itemListElement":[{"@type":"ListItem","position":1,"name":"Home","item":"https:\/\/charliehelpt.nl\/pl\/dom\/"},{"@type":"ListItem","position":2,"name":"Opieka nad dzieckiem"}]},{"@type":"WebSite","@id":"https:\/\/charliehelpt.nl\/pl\/#website","url":"https:\/\/charliehelpt.nl\/pl\/","name":"Charlie","description":"","potentialAction":[{"@type":"SearchAction","target":{"@type":"EntryPoint","urlTemplate":"https:\/\/charliehelpt.nl\/pl\/?s={search_term_string}"},"query-input":{"@type":"PropertyValueSpecification","valueRequired":true,"valueName":"search_term_string"}}],"inLanguage":"pl-PL"}]}},"_links":{"self":[{"href":"https:\/\/charliehelpt.nl\/pl\/wp-json\/wp\/v2\/pages\/813","targetHints":{"allow":["GET"]}}],"collection":[{"href":"https:\/\/charliehelpt.nl\/pl\/wp-json\/wp\/v2\/pages"}],"about":[{"href":"https:\/\/charliehelpt.nl\/pl\/wp-json\/wp\/v2\/types\/page"}],"author":[{"embeddable":true,"href":"https:\/\/charliehelpt.nl\/pl\/wp-json\/wp\/v2\/users\/2"}],"replies":[{"embeddable":true,"href":"https:\/\/charliehelpt.nl\/pl\/wp-json\/wp\/v2\/comments?post=813"}],"version-history":[{"count":1,"href":"https:\/\/charliehelpt.nl\/pl\/wp-json\/wp\/v2\/pages\/813\/revisions"}],"predecessor-version":[{"id":814,"href":"https:\/\/charliehelpt.nl\/pl\/wp-json\/wp\/v2\/pages\/813\/revisions\/814"}],"wp:attachment":[{"href":"https:\/\/charliehelpt.nl\/pl\/wp-json\/wp\/v2\/media?parent=813"}],"curies":[{"name":"wp","href":"https:\/\/api.w.org\/{rel}","templated":true}]}}