{"id":981,"date":"2023-11-01T09:26:48","date_gmt":"2023-11-01T09:26:48","guid":{"rendered":"https:\/\/charliehelpt.nl\/o-charlie\/"},"modified":"2023-11-06T18:30:56","modified_gmt":"2023-11-06T18:30:56","slug":"o-charlie","status":"publish","type":"page","link":"https:\/\/charliehelpt.nl\/pl\/o-charlie\/","title":{"rendered":"O Charlie"},"content":{"rendered":"\t\t<div data-elementor-type=\"wp-page\" data-elementor-id=\"981\" class=\"elementor elementor-981 elementor-962\" data-elementor-post-type=\"page\">\n\t\t\t\t<div class=\"elementor-element elementor-element-971aae6 e-flex e-con-boxed e-con e-parent\" data-id=\"971aae6\" data-element_type=\"container\" data-e-type=\"container\" data-settings=\"{&quot;background_background&quot;:&quot;classic&quot;}\">\n\t\t\t\t\t<div class=\"e-con-inner\">\n\t\t\t\t<div class=\"elementor-element elementor-element-96796ae elementor-widget elementor-widget-text-editor\" data-id=\"96796ae\" data-element_type=\"widget\" data-e-type=\"widget\" data-widget_type=\"text-editor.default\">\n\t\t\t\t<div class=\"elementor-widget-container\">\n\t\t\t\t\t\t\t\t\t<p>Charlie to inicjatywa plac\u00f3wek opieki nad dzie\u0107mi, szk\u00f3\u0142 oraz os\u00f3b i organizacji wspieraj\u0105cych z obszaru Oud-Reeshof.<\/p>\n\t\t\t\t\t\t\t\t<\/div>\n\t\t\t\t<\/div>\n\t\t\t\t<div class=\"elementor-element elementor-element-6e0fbce elementor-widget-divider--separator-type-pattern elementor-widget-divider--view-line elementor-widget elementor-widget-divider\" data-id=\"6e0fbce\" data-element_type=\"widget\" data-e-type=\"widget\" data-widget_type=\"divider.default\">\n\t\t\t\t<div class=\"elementor-widget-container\">\n\t\t\t\t\t\t\t<div class=\"elementor-divider\" style=\"--divider-pattern-url: url(&quot;data:image\/svg+xml,%3Csvg xmlns=&#039;http:\/\/www.w3.org\/2000\/svg&#039; preserveAspectRatio=&#039;none&#039; overflow=&#039;visible&#039; height=&#039;100%&#039; viewBox=&#039;0 0 24 24&#039; fill=&#039;none&#039; stroke=&#039;black&#039; stroke-width=&#039;3&#039; stroke-linecap=&#039;square&#039; stroke-miterlimit=&#039;10&#039;%3E%3Cpolyline points=&#039;0,18 12,6 24,18 &#039;\/%3E%3C\/svg%3E&quot;);\">\n\t\t\t<span class=\"elementor-divider-separator\">\n\t\t\t\t\t\t<\/span>\n\t\t<\/div>\n\t\t\t\t\t\t<\/div>\n\t\t\t\t<\/div>\n\t\t\t\t<div class=\"elementor-element elementor-element-d61c753 elementor-widget elementor-widget-text-editor\" data-id=\"d61c753\" data-element_type=\"widget\" data-e-type=\"widget\" data-widget_type=\"text-editor.default\">\n\t\t\t\t<div class=\"elementor-widget-container\">\n\t\t\t\t\t\t\t\t\t<p>Charlie jest skr\u00f3tem od Charles Rey de Carle.<\/p>\n<p>Nazwa \u201eReeshof\u201d pochodzi od \u201eRey&#8217;s Hof\u201d, znajduj\u0105cej si\u0119 w okolicy posiad\u0142o\u015bci z gospodarstwem rolnym lub zamkiem. Jego nazwa pochodzi od w\u0142a\u015bciciela <b>Charles<\/b> Rey de Carle (1731-1802), \u017co\u0142nierza, kt\u00f3ry kupi\u0142 teren do eksploatacji.<sup>[2] W przesz\u0142o\u015bci uwa\u017cano, \u017ce Rey&#8217;s Hof by\u0142 jednym z trzech zamk\u00f3w, kt\u00f3re mo\u017cna zobaczy\u0107 w herbie miasta Tilburg.<\/sup><sup>[3] Jednak\u017ce bro\u0144 znajdowa\u0142a si\u0119 przed Dworem Reya.<\/sup><\/p>\n\t\t\t\t\t\t\t\t<\/div>\n\t\t\t\t<\/div>\n\t\t\t\t<div class=\"elementor-element elementor-element-58dc186 elementor-mobile-align-left elementor-widget elementor-widget-button\" data-id=\"58dc186\" data-element_type=\"widget\" data-e-type=\"widget\" data-widget_type=\"button.default\">\n\t\t\t\t<div class=\"elementor-widget-container\">\n\t\t\t\t\t\t\t\t\t<div class=\"elementor-button-wrapper\">\n\t\t\t\t\t<a class=\"elementor-button elementor-button-link elementor-size-sm elementor-animation-push\" href=\"https:\/\/charliehelpt.nl\/pl\/\">\n\t\t\t\t\t\t<span class=\"elementor-button-content-wrapper\">\n\t\t\t\t\t\t\t\t\t<span class=\"elementor-button-text\">Wr\u00f3ci\u0107 do domu<\/span>\n\t\t\t\t\t<\/span>\n\t\t\t\t\t<\/a>\n\t\t\t\t<\/div>\n\t\t\t\t\t\t\t\t<\/div>\n\t\t\t\t<\/div>\n\t\t\t\t<div class=\"elementor-element elementor-element-e3cf1b8 elementor-widget-divider--separator-type-pattern elementor-widget-divider--view-line elementor-widget elementor-widget-divider\" data-id=\"e3cf1b8\" data-element_type=\"widget\" data-e-type=\"widget\" data-widget_type=\"divider.default\">\n\t\t\t\t<div class=\"elementor-widget-container\">\n\t\t\t\t\t\t\t<div class=\"elementor-divider\" style=\"--divider-pattern-url: url(&quot;data:image\/svg+xml,%3Csvg xmlns=&#039;http:\/\/www.w3.org\/2000\/svg&#039; preserveAspectRatio=&#039;none&#039; overflow=&#039;visible&#039; height=&#039;100%&#039; viewBox=&#039;0 0 24 24&#039; fill=&#039;none&#039; stroke=&#039;black&#039; stroke-width=&#039;3&#039; stroke-linecap=&#039;square&#039; stroke-miterlimit=&#039;10&#039;%3E%3Cpolyline points=&#039;0,18 12,6 24,18 &#039;\/%3E%3C\/svg%3E&quot;);\">\n\t\t\t<span class=\"elementor-divider-separator\">\n\t\t\t\t\t\t<\/span>\n\t\t<\/div>\n\t\t\t\t\t\t<\/div>\n\t\t\t\t<\/div>\n\t\t\t\t\t<\/div>\n\t\t\t\t<\/div>\n\t\t\t\t<\/div>\n\t\t","protected":false},"excerpt":{"rendered":"<p>Charlie to inicjatywa plac\u00f3wek opieki nad dzie\u0107mi, szk\u00f3\u0142 oraz os\u00f3b i organizacji wspieraj\u0105cych z obszaru Oud-Reeshof. Charlie jest skr\u00f3tem od Charles Rey de Carle. Nazwa \u201eReeshof\u201d pochodzi od \u201eRey&#8217;s Hof\u201d, znajduj\u0105cej si\u0119 w okolicy posiad\u0142o\u015bci z gospodarstwem rolnym lub zamkiem. Jego nazwa pochodzi od w\u0142a\u015bciciela Charles Rey de Carle (1731-1802), \u017co\u0142nierza, kt\u00f3ry kupi\u0142 teren do [&hellip;]<\/p>\n","protected":false},"author":2,"featured_media":0,"parent":0,"menu_order":0,"comment_status":"closed","ping_status":"closed","template":"","meta":{"_acf_changed":false,"footnotes":""},"class_list":["post-981","page","type-page","status-publish","hentry"],"acf":[],"yoast_head":"<!-- This site is optimized with the Yoast SEO plugin v27.2 - https:\/\/yoast.com\/product\/yoast-seo-wordpress\/ -->\n<title>O Charlie - Charlie<\/title>\n<meta name=\"robots\" content=\"index, follow, max-snippet:-1, max-image-preview:large, max-video-preview:-1\" \/>\n<link rel=\"canonical\" href=\"https:\/\/charliehelpt.nl\/pl\/o-charlie\/\" \/>\n<meta property=\"og:locale\" content=\"pl_PL\" \/>\n<meta property=\"og:type\" content=\"article\" \/>\n<meta property=\"og:title\" content=\"O Charlie - Charlie\" \/>\n<meta property=\"og:description\" content=\"Charlie to inicjatywa plac\u00f3wek opieki nad dzie\u0107mi, szk\u00f3\u0142 oraz os\u00f3b i organizacji wspieraj\u0105cych z obszaru Oud-Reeshof. Charlie jest skr\u00f3tem od Charles Rey de Carle. Nazwa \u201eReeshof\u201d pochodzi od \u201eRey&#8217;s Hof\u201d, znajduj\u0105cej si\u0119 w okolicy posiad\u0142o\u015bci z gospodarstwem rolnym lub zamkiem. Jego nazwa pochodzi od w\u0142a\u015bciciela Charles Rey de Carle (1731-1802), \u017co\u0142nierza, kt\u00f3ry kupi\u0142 teren do [&hellip;]\" \/>\n<meta property=\"og:url\" content=\"https:\/\/charliehelpt.nl\/pl\/o-charlie\/\" \/>\n<meta property=\"og:site_name\" content=\"Charlie\" \/>\n<meta property=\"article:modified_time\" content=\"2023-11-06T18:30:56+00:00\" \/>\n<meta name=\"twitter:card\" content=\"summary_large_image\" \/>\n<meta name=\"twitter:label1\" content=\"Szacowany czas czytania\" \/>\n\t<meta name=\"twitter:data1\" content=\"1 minuta\" \/>\n<script type=\"application\/ld+json\" class=\"yoast-schema-graph\">{\"@context\":\"https:\/\/schema.org\",\"@graph\":[{\"@type\":\"WebPage\",\"@id\":\"https:\/\/charliehelpt.nl\/pl\/o-charlie\/\",\"url\":\"https:\/\/charliehelpt.nl\/pl\/o-charlie\/\",\"name\":\"O Charlie - Charlie\",\"isPartOf\":{\"@id\":\"https:\/\/charliehelpt.nl\/pl\/#website\"},\"datePublished\":\"2023-11-01T09:26:48+00:00\",\"dateModified\":\"2023-11-06T18:30:56+00:00\",\"breadcrumb\":{\"@id\":\"https:\/\/charliehelpt.nl\/pl\/o-charlie\/#breadcrumb\"},\"inLanguage\":\"pl-PL\",\"potentialAction\":[{\"@type\":\"ReadAction\",\"target\":[\"https:\/\/charliehelpt.nl\/pl\/o-charlie\/\"]}]},{\"@type\":\"BreadcrumbList\",\"@id\":\"https:\/\/charliehelpt.nl\/pl\/o-charlie\/#breadcrumb\",\"itemListElement\":[{\"@type\":\"ListItem\",\"position\":1,\"name\":\"Home\",\"item\":\"https:\/\/charliehelpt.nl\/pl\/dom\/\"},{\"@type\":\"ListItem\",\"position\":2,\"name\":\"O Charlie\"}]},{\"@type\":\"WebSite\",\"@id\":\"https:\/\/charliehelpt.nl\/pl\/#website\",\"url\":\"https:\/\/charliehelpt.nl\/pl\/\",\"name\":\"Charlie\",\"description\":\"\",\"potentialAction\":[{\"@type\":\"SearchAction\",\"target\":{\"@type\":\"EntryPoint\",\"urlTemplate\":\"https:\/\/charliehelpt.nl\/pl\/?s={search_term_string}\"},\"query-input\":{\"@type\":\"PropertyValueSpecification\",\"valueRequired\":true,\"valueName\":\"search_term_string\"}}],\"inLanguage\":\"pl-PL\"}]}<\/script>\n<!-- \/ Yoast SEO plugin. -->","yoast_head_json":{"title":"O Charlie - Charlie","robots":{"index":"index","follow":"follow","max-snippet":"max-snippet:-1","max-image-preview":"max-image-preview:large","max-video-preview":"max-video-preview:-1"},"canonical":"https:\/\/charliehelpt.nl\/pl\/o-charlie\/","og_locale":"pl_PL","og_type":"article","og_title":"O Charlie - Charlie","og_description":"Charlie to inicjatywa plac\u00f3wek opieki nad dzie\u0107mi, szk\u00f3\u0142 oraz os\u00f3b i organizacji wspieraj\u0105cych z obszaru Oud-Reeshof. Charlie jest skr\u00f3tem od Charles Rey de Carle. Nazwa \u201eReeshof\u201d pochodzi od \u201eRey&#8217;s Hof\u201d, znajduj\u0105cej si\u0119 w okolicy posiad\u0142o\u015bci z gospodarstwem rolnym lub zamkiem. Jego nazwa pochodzi od w\u0142a\u015bciciela Charles Rey de Carle (1731-1802), \u017co\u0142nierza, kt\u00f3ry kupi\u0142 teren do [&hellip;]","og_url":"https:\/\/charliehelpt.nl\/pl\/o-charlie\/","og_site_name":"Charlie","article_modified_time":"2023-11-06T18:30:56+00:00","twitter_card":"summary_large_image","twitter_misc":{"Szacowany czas czytania":"1 minuta"},"schema":{"@context":"https:\/\/schema.org","@graph":[{"@type":"WebPage","@id":"https:\/\/charliehelpt.nl\/pl\/o-charlie\/","url":"https:\/\/charliehelpt.nl\/pl\/o-charlie\/","name":"O Charlie - Charlie","isPartOf":{"@id":"https:\/\/charliehelpt.nl\/pl\/#website"},"datePublished":"2023-11-01T09:26:48+00:00","dateModified":"2023-11-06T18:30:56+00:00","breadcrumb":{"@id":"https:\/\/charliehelpt.nl\/pl\/o-charlie\/#breadcrumb"},"inLanguage":"pl-PL","potentialAction":[{"@type":"ReadAction","target":["https:\/\/charliehelpt.nl\/pl\/o-charlie\/"]}]},{"@type":"BreadcrumbList","@id":"https:\/\/charliehelpt.nl\/pl\/o-charlie\/#breadcrumb","itemListElement":[{"@type":"ListItem","position":1,"name":"Home","item":"https:\/\/charliehelpt.nl\/pl\/dom\/"},{"@type":"ListItem","position":2,"name":"O Charlie"}]},{"@type":"WebSite","@id":"https:\/\/charliehelpt.nl\/pl\/#website","url":"https:\/\/charliehelpt.nl\/pl\/","name":"Charlie","description":"","potentialAction":[{"@type":"SearchAction","target":{"@type":"EntryPoint","urlTemplate":"https:\/\/charliehelpt.nl\/pl\/?s={search_term_string}"},"query-input":{"@type":"PropertyValueSpecification","valueRequired":true,"valueName":"search_term_string"}}],"inLanguage":"pl-PL"}]}},"_links":{"self":[{"href":"https:\/\/charliehelpt.nl\/pl\/wp-json\/wp\/v2\/pages\/981","targetHints":{"allow":["GET"]}}],"collection":[{"href":"https:\/\/charliehelpt.nl\/pl\/wp-json\/wp\/v2\/pages"}],"about":[{"href":"https:\/\/charliehelpt.nl\/pl\/wp-json\/wp\/v2\/types\/page"}],"author":[{"embeddable":true,"href":"https:\/\/charliehelpt.nl\/pl\/wp-json\/wp\/v2\/users\/2"}],"replies":[{"embeddable":true,"href":"https:\/\/charliehelpt.nl\/pl\/wp-json\/wp\/v2\/comments?post=981"}],"version-history":[{"count":5,"href":"https:\/\/charliehelpt.nl\/pl\/wp-json\/wp\/v2\/pages\/981\/revisions"}],"predecessor-version":[{"id":1017,"href":"https:\/\/charliehelpt.nl\/pl\/wp-json\/wp\/v2\/pages\/981\/revisions\/1017"}],"wp:attachment":[{"href":"https:\/\/charliehelpt.nl\/pl\/wp-json\/wp\/v2\/media?parent=981"}],"curies":[{"name":"wp","href":"https:\/\/api.w.org\/{rel}","templated":true}]}}